{"id":7363,"date":"2022-01-09T22:12:21","date_gmt":"2022-01-10T03:12:21","guid":{"rendered":"http:\/\/seguridadysalud.info\/?page_id=7363"},"modified":"2023-11-28T15:26:27","modified_gmt":"2023-11-28T20:26:27","slug":"app-sg-sst","status":"publish","type":"page","link":"https:\/\/seguridadysalud.info\/index.php\/app-sg-sst\/","title":{"rendered":"AUDITOR\u00cdA INTERNA SG-SST"},"content":{"rendered":"\t\t<div data-elementor-type=\"wp-page\" data-elementor-id=\"7363\" class=\"elementor elementor-7363\" data-elementor-settings=\"[]\">\n\t\t\t\t\t\t\t<div class=\"elementor-section-wrap\">\n\t\t\t\t\t\t\t<section class=\"elementor-section elementor-top-section elementor-element elementor-element-570cba25 qodef_elementor_container_inner elementor-section-boxed elementor-section-height-default elementor-section-height-default parallax_section_no\" data-id=\"570cba25\" data-element_type=\"section\">\n\t\t\t\t\t\t<div class=\"elementor-container elementor-column-gap-default\">\n\t\t\t\t\t<div class=\"elementor-column elementor-col-100 elementor-top-column elementor-element elementor-element-1378d91c\" data-id=\"1378d91c\" data-element_type=\"column\">\n\t\t\t<div class=\"elementor-widget-wrap elementor-element-populated\">\n\t\t\t\t\t\t\t\t<div class=\"elementor-element elementor-element-615941a elementor-widget elementor-widget-text-editor\" data-id=\"615941a\" data-element_type=\"widget\" data-widget_type=\"text-editor.default\">\n\t\t\t\t<div class=\"elementor-widget-container\">\n\t\t\t<style>\/*! elementor - v3.5.3 - 28-12-2021 *\/\n.elementor-widget-text-editor.elementor-drop-cap-view-stacked .elementor-drop-cap{background-color:#818a91;color:#fff}.elementor-widget-text-editor.elementor-drop-cap-view-framed .elementor-drop-cap{color:#818a91;border:3px solid;background-color:transparent}.elementor-widget-text-editor:not(.elementor-drop-cap-view-default) .elementor-drop-cap{margin-top:8px}.elementor-widget-text-editor:not(.elementor-drop-cap-view-default) .elementor-drop-cap-letter{width:1em;height:1em}.elementor-widget-text-editor .elementor-drop-cap{float:left;text-align:center;line-height:1;font-size:50px}.elementor-widget-text-editor .elementor-drop-cap-letter{display:inline-block}<\/style>\t\t\t\t<h2 style=\"text-align: center;\">Auditor\u00eda Interna del Sistema de Gesti\u00f3n de\u00a0 la Seguridad y Salud en el Trabajo (SGSST)<\/h2><p>\u00a0<\/p>\t\t\t\t\t\t<\/div>\n\t\t\t\t<\/div>\n\t\t\t\t<div class=\"elementor-element elementor-element-eb50750 elementor-widget elementor-widget-spacer\" data-id=\"eb50750\" data-element_type=\"widget\" data-widget_type=\"spacer.default\">\n\t\t\t\t<div class=\"elementor-widget-container\">\n\t\t\t\t\t<div class=\"elementor-spacer\">\n\t\t\t<div class=\"elementor-spacer-inner\"><\/div>\n\t\t<\/div>\n\t\t\t\t<\/div>\n\t\t\t\t<\/div>\n\t\t\t\t<div class=\"elementor-element elementor-element-83b2861 elementor-widget elementor-widget-text-editor\" data-id=\"83b2861\" data-element_type=\"widget\" data-widget_type=\"text-editor.default\">\n\t\t\t\t<div class=\"elementor-widget-container\">\n\t\t\t\t\t\t\t<p>Seguridad y Salud, ofrece el servicio de Auditor\u00eda Interna del Sistema de Gesti\u00f3n de Seguridad y Salud en el Trabajo (SGSST) especialmente dise\u00f1ado para empresas en Colombia.<\/p><p>\u00a0<\/p><p>Nuestra auditor\u00eda es realizada por un auditor certificado por el Consejo Colombiano de Seguridad, lo que asegura la calidad y precisi\u00f3n en la evaluaci\u00f3n de tu sistema de gesti\u00f3n.<\/p><p>\u00a0<\/p><p>Nuestro equipo de expertos capacitados trabajar\u00e1 de cerca contigo para identificar \u00e1reas de mejora y fortalecer tu SGSST, cumpliendo con las normativas y est\u00e1ndares vigentes. Durante el proceso de auditor\u00eda, revisaremos minuciosamente tus pol\u00edticas, procedimientos y registros, garantizando que se ajusten a los requisitos legales y que est\u00e9n alineados con las mejores pr\u00e1cticas en seguridad y salud laboral.<\/p><p>\u00a0<\/p><p>Con nuestra Auditor\u00eda Interna del SGSST, obtendr\u00e1s un informe detallado y preciso que te permitir\u00e1 tomar decisiones informadas para mejorar la seguridad en tu empresa. Nuestro objetivo es contribuir a la prevenci\u00f3n de riesgos laborales y a la promoci\u00f3n del bienestar de tus colaboradores, lo que impactar\u00e1 positivamente en la productividad y en la reputaci\u00f3n de tu organizaci\u00f3n.<\/p><p>\u00a0<\/p><p>No dejes al azar la seguridad de tus trabajadores ni te expongas a posibles sanciones legales. Conf\u00eda en Seguridad y Salud para llevar a cabo una Auditor\u00eda Interna del SGSST, respaldada por un auditor certificado y comprometida con el bienestar y \u00e9xito de tu empresa.<\/p><p>\u00a0<\/p><p>\u00a1Cont\u00e1ctanos ahora y comienza a fortalecer tu Sistema de Gesti\u00f3n de Seguridad y Salud en el Trabajo de manera efectiva y confiable!<\/p>\t\t\t\t\t\t<\/div>\n\t\t\t\t<\/div>\n\t\t\t\t\t<\/div>\n\t\t<\/div>\n\t\t\t\t\t\t\t<\/div>\n\t\t<\/section>\n\t\t\t\t\t\t<\/div>\n\t\t\t\t\t<\/div>\n\t\t","protected":false},"excerpt":{"rendered":"<p>Auditor\u00eda Interna del Sistema de Gesti\u00f3n de&nbsp; la Seguridad y Salud en el Trabajo (SGSST) Seguridad y Salud, ofrece el servicio&#8230;<\/p>\n","protected":false},"author":1,"featured_media":0,"parent":0,"menu_order":0,"comment_status":"closed","ping_status":"closed","template":"full-width.php","meta":{"slim_seo":{"title":"AUDITOR\u00cdA INTERNA SG-SST - Seguridad y Salud en el Trabajo","description":"Auditor\u00eda Interna del Sistema de Gesti\u00f3n de&nbsp; la Seguridad y Salud en el Trabajo (SGSST) Seguridad y Salud, ofrece el servicio de Auditor\u00eda Interna del Sist"},"footnotes":""},"wf_page_folders":[71],"class_list":["post-7363","page","type-page","status-publish","hentry"],"_links":{"self":[{"href":"https:\/\/seguridadysalud.info\/index.php\/wp-json\/wp\/v2\/pages\/7363"}],"collection":[{"href":"https:\/\/seguridadysalud.info\/index.php\/wp-json\/wp\/v2\/pages"}],"about":[{"href":"https:\/\/seguridadysalud.info\/index.php\/wp-json\/wp\/v2\/types\/page"}],"author":[{"embeddable":true,"href":"https:\/\/seguridadysalud.info\/index.php\/wp-json\/wp\/v2\/users\/1"}],"replies":[{"embeddable":true,"href":"https:\/\/seguridadysalud.info\/index.php\/wp-json\/wp\/v2\/comments?post=7363"}],"version-history":[{"count":106,"href":"https:\/\/seguridadysalud.info\/index.php\/wp-json\/wp\/v2\/pages\/7363\/revisions"}],"predecessor-version":[{"id":7878,"href":"https:\/\/seguridadysalud.info\/index.php\/wp-json\/wp\/v2\/pages\/7363\/revisions\/7878"}],"wp:attachment":[{"href":"https:\/\/seguridadysalud.info\/index.php\/wp-json\/wp\/v2\/media?parent=7363"}],"wp:term":[{"taxonomy":"wf_page_folders","embeddable":true,"href":"https:\/\/seguridadysalud.info\/index.php\/wp-json\/wp\/v2\/wf_page_folders?post=7363"}],"curies":[{"name":"wp","href":"https:\/\/api.w.org\/{rel}","templated":true}]}}