{"id":7578,"date":"2022-01-11T22:37:15","date_gmt":"2022-01-12T03:37:15","guid":{"rendered":"http:\/\/seguridadysalud.info\/?page_id=7578"},"modified":"2022-01-13T11:35:41","modified_gmt":"2022-01-13T16:35:41","slug":"politicas","status":"publish","type":"page","link":"https:\/\/seguridadysalud.info\/index.php\/politicas\/","title":{"rendered":"Pol\u00edticas"},"content":{"rendered":"\t\t<div data-elementor-type=\"wp-page\" data-elementor-id=\"7578\" class=\"elementor elementor-7578\" data-elementor-settings=\"[]\">\n\t\t\t\t\t\t\t<div class=\"elementor-section-wrap\">\n\t\t\t\t\t\t\t<section class=\"elementor-section elementor-top-section elementor-element elementor-element-38fc6e57 elementor-section-content-top qodef_elementor_container_inner elementor-section-boxed elementor-section-height-default elementor-section-height-default parallax_section_no\" data-id=\"38fc6e57\" data-element_type=\"section\">\n\t\t\t\t\t\t<div class=\"elementor-container elementor-column-gap-default\">\n\t\t\t\t\t<div class=\"elementor-column elementor-col-100 elementor-top-column elementor-element elementor-element-1065217\" data-id=\"1065217\" data-element_type=\"column\">\n\t\t\t<div class=\"elementor-widget-wrap elementor-element-populated\">\n\t\t\t\t\t\t\t\t<div class=\"elementor-element elementor-element-e45f95a elementor-widget elementor-widget-text-editor\" data-id=\"e45f95a\" data-element_type=\"widget\" data-widget_type=\"text-editor.default\">\n\t\t\t\t<div class=\"elementor-widget-container\">\n\t\t\t<style>\/*! elementor - v3.5.3 - 28-12-2021 *\/\n.elementor-widget-text-editor.elementor-drop-cap-view-stacked .elementor-drop-cap{background-color:#818a91;color:#fff}.elementor-widget-text-editor.elementor-drop-cap-view-framed .elementor-drop-cap{color:#818a91;border:3px solid;background-color:transparent}.elementor-widget-text-editor:not(.elementor-drop-cap-view-default) .elementor-drop-cap{margin-top:8px}.elementor-widget-text-editor:not(.elementor-drop-cap-view-default) .elementor-drop-cap-letter{width:1em;height:1em}.elementor-widget-text-editor .elementor-drop-cap{float:left;text-align:center;line-height:1;font-size:50px}.elementor-widget-text-editor .elementor-drop-cap-letter{display:inline-block}<\/style>\t\t\t\t<h2>Seguridad y Salud en el Trabajo<\/h2>\t\t\t\t\t\t<\/div>\n\t\t\t\t<\/div>\n\t\t\t\t<div class=\"elementor-element elementor-element-01b5c4f elementor-widget elementor-widget-spacer\" data-id=\"01b5c4f\" data-element_type=\"widget\" data-widget_type=\"spacer.default\">\n\t\t\t\t<div class=\"elementor-widget-container\">\n\t\t\t\t\t<div class=\"elementor-spacer\">\n\t\t\t<div class=\"elementor-spacer-inner\"><\/div>\n\t\t<\/div>\n\t\t\t\t<\/div>\n\t\t\t\t<\/div>\n\t\t\t\t<div class=\"elementor-element elementor-element-8189c4c elementor-widget elementor-widget-text-editor\" data-id=\"8189c4c\" data-element_type=\"widget\" data-widget_type=\"text-editor.default\">\n\t\t\t\t<div class=\"elementor-widget-container\">\n\t\t\t\t\t\t\t<h4>Los datos suministrados en nuestro sitio web tienen el prop\u00f3sito de brindarle asesor\u00eda al usuario a trav\u00e9s de e-mail, telef\u00f3nica o personalmente.<\/h4><h4>La informaci\u00f3n recogida en este sitio est\u00e1 protegida por la Ley de Protecci\u00f3n al Consumidor. Sus datos ser\u00e1n tratados con confidencialidad y respeto, con garant\u00eda total de no ser difundidos por ning\u00fan medio. Estos datos son: nombre, direcci\u00f3n, direcci\u00f3n electr\u00f3nica y algunos otros que el usuario est\u00e9 dispuesto a proporcionar.<\/h4><h4>\u00a0<\/h4><h4>Aclaramos que la recepci\u00f3n de estos datos tiene como fin proporcionarle al usuario una asesor\u00eda personalizada de acuerdo con sus necesidades y los servicios que quiera contratar. El Administrador del sitio ha tomado las medidas necesarias para garantizar la seguridad y protecci\u00f3n de los datos personales de nuestros visitantes. Por tal motivo, se aclara que esta p\u00e1gina web no renta, no vende ni mucho menos presta los datos del usuario a terceros con fines que no sean de su inter\u00e9s.<\/h4><h4>\u00a0<\/h4><h4>Usted puede hacer valer sus derechos de acceso, rectificaci\u00f3n o suspensi\u00f3n por correo electr\u00f3nico dirigido al administrador del sitio. Los resultados pueden variar de persona a persona. Usted comprende y entiende que est\u00e1 completamente de acuerdo con nuestra organizaci\u00f3n y sus servicios prestados, que ni ninguna empresa afiliada o subsidiaria ser\u00e1 responsable por cualquier tipo de p\u00e9rdidas o da\u00f1os relacionados con los T\u00e9rminos y Condiciones, ni por su inhabilidad para usar este sitio web, ni por la forma en que usted utilice la informaci\u00f3n obtenida en nuestro sitio web ya sea en vivo y directo, o por los textos que aqu\u00ed se encuentran, las respuestas a sus consultas por correo electr\u00f3nico, ni por cualquier tipo de informaci\u00f3n derivada de nuestros servicios o que en esta la p\u00e1gina web.<\/h4><h4>\u00a0<\/h4><h4>Usted se responsabiliza en los t\u00e9rminos y condiciones del presente sitio, y que no culpar\u00e1 a nuestra empresa y a cualquier tipo de responsabilidad, p\u00e9rdida, reclamos, gastos o cualquier otra consecuencia relacionada con el Acuerdo de Usuario T\u00e9rminos y Condiciones o con el uso de este sitio web y\/o los servicios que aqu\u00ed se ofrecen. Esto es un Acuerdo de Usuario que constituye el \u00fanico acuerdo entre usted y en relaci\u00f3n con el uso, de \u00e9ste sitio web y los servicios que aqu\u00ed se ofrecen.<\/h4>\t\t\t\t\t\t<\/div>\n\t\t\t\t<\/div>\n\t\t\t\t<div class=\"elementor-element elementor-element-a69159d elementor-widget elementor-widget-spacer\" data-id=\"a69159d\" data-element_type=\"widget\" data-widget_type=\"spacer.default\">\n\t\t\t\t<div class=\"elementor-widget-container\">\n\t\t\t\t\t<div class=\"elementor-spacer\">\n\t\t\t<div class=\"elementor-spacer-inner\"><\/div>\n\t\t<\/div>\n\t\t\t\t<\/div>\n\t\t\t\t<\/div>\n\t\t\t\t\t<\/div>\n\t\t<\/div>\n\t\t\t\t\t\t\t<\/div>\n\t\t<\/section>\n\t\t\t\t\t\t<\/div>\n\t\t\t\t\t<\/div>\n\t\t","protected":false},"excerpt":{"rendered":"<p>Seguridad y Salud en el Trabajo Los datos suministrados en nuestro sitio web tienen el prop\u00f3sito de brindarle asesor\u00eda al usuario&#8230;<\/p>\n","protected":false},"author":1,"featured_media":0,"parent":0,"menu_order":0,"comment_status":"closed","ping_status":"closed","template":"full-width.php","meta":{"slim_seo":{"title":"Pol\u00edticas - Seguridad y Salud en el Trabajo","description":"Seguridad y Salud en el Trabajo Los datos suministrados en nuestro sitio web tienen el prop\u00f3sito de brindarle asesor\u00eda al usuario a trav\u00e9s de e-mail, telef\u00f3nica"},"footnotes":""},"wf_page_folders":[72],"class_list":["post-7578","page","type-page","status-publish","hentry"],"_links":{"self":[{"href":"https:\/\/seguridadysalud.info\/index.php\/wp-json\/wp\/v2\/pages\/7578"}],"collection":[{"href":"https:\/\/seguridadysalud.info\/index.php\/wp-json\/wp\/v2\/pages"}],"about":[{"href":"https:\/\/seguridadysalud.info\/index.php\/wp-json\/wp\/v2\/types\/page"}],"author":[{"embeddable":true,"href":"https:\/\/seguridadysalud.info\/index.php\/wp-json\/wp\/v2\/users\/1"}],"replies":[{"embeddable":true,"href":"https:\/\/seguridadysalud.info\/index.php\/wp-json\/wp\/v2\/comments?post=7578"}],"version-history":[{"count":8,"href":"https:\/\/seguridadysalud.info\/index.php\/wp-json\/wp\/v2\/pages\/7578\/revisions"}],"predecessor-version":[{"id":7586,"href":"https:\/\/seguridadysalud.info\/index.php\/wp-json\/wp\/v2\/pages\/7578\/revisions\/7586"}],"wp:attachment":[{"href":"https:\/\/seguridadysalud.info\/index.php\/wp-json\/wp\/v2\/media?parent=7578"}],"wp:term":[{"taxonomy":"wf_page_folders","embeddable":true,"href":"https:\/\/seguridadysalud.info\/index.php\/wp-json\/wp\/v2\/wf_page_folders?post=7578"}],"curies":[{"name":"wp","href":"https:\/\/api.w.org\/{rel}","templated":true}]}}